{"id":2500,"date":"2024-10-02T09:48:20","date_gmt":"2024-10-02T13:48:20","guid":{"rendered":"https:\/\/centraide-rcoq.ca\/mauricie\/?page_id=2500"},"modified":"2024-10-18T07:43:38","modified_gmt":"2024-10-18T11:43:38","slug":"cercle-des-philanthropes-emergents","status":"publish","type":"page","link":"https:\/\/centraide-rcoq.ca\/mauricie\/cercle-des-philanthropes-emergents\/","title":{"rendered":"Cercle des philanthropes \u00e9mergents"},"content":{"rendered":"\t\t<div data-elementor-type=\"wp-post\" data-elementor-id=\"2500\" class=\"elementor elementor-2500\" data-elementor-post-type=\"page\">\n\t\t\t\t\t\t<section class=\"elementor-section elementor-top-section elementor-element elementor-element-c62b646 elementor-section-content-middle elementor-section-boxed elementor-section-height-default elementor-section-height-default\" data-id=\"c62b646\" data-element_type=\"section\" data-e-type=\"section\" data-settings=\"{&quot;background_background&quot;:&quot;classic&quot;}\">\n\t\t\t\t\t\t<div class=\"elementor-container elementor-column-gap-default\">\n\t\t\t\t\t<div class=\"elementor-column elementor-col-100 elementor-top-column elementor-element elementor-element-d4555fb\" data-id=\"d4555fb\" data-element_type=\"column\" data-e-type=\"column\">\n\t\t\t<div class=\"elementor-widget-wrap elementor-element-populated\">\n\t\t\t\t\t\t<div class=\"elementor-element elementor-element-83f7239 elementor-widget elementor-widget-heading\" data-id=\"83f7239\" data-element_type=\"widget\" data-e-type=\"widget\" data-widget_type=\"heading.default\">\n\t\t\t\t<div class=\"elementor-widget-container\">\n\t\t\t\t\t<h1 class=\"elementor-heading-title elementor-size-default\">Le Cercle des \nphilanthropes \u00e9mergents<\/h1>\t\t\t\t<\/div>\n\t\t\t\t<\/div>\n\t\t\t\t<section class=\"elementor-section elementor-inner-section elementor-element elementor-element-d187810 elementor-section-content-middle elementor-section-boxed elementor-section-height-default elementor-section-height-default\" data-id=\"d187810\" data-element_type=\"section\" data-e-type=\"section\">\n\t\t\t\t\t\t<div class=\"elementor-container elementor-column-gap-wide\">\n\t\t\t\t\t<div class=\"elementor-column elementor-col-50 elementor-inner-column elementor-element elementor-element-297a16f\" data-id=\"297a16f\" data-element_type=\"column\" data-e-type=\"column\">\n\t\t\t<div class=\"elementor-widget-wrap elementor-element-populated\">\n\t\t\t\t\t\t<div class=\"elementor-element elementor-element-50e3c15 elementor-widget elementor-widget-heading\" data-id=\"50e3c15\" data-element_type=\"widget\" data-e-type=\"widget\" data-widget_type=\"heading.default\">\n\t\t\t\t<div class=\"elementor-widget-container\">\n\t\t\t\t\t<h4 class=\"elementor-heading-title elementor-size-default\">Le Cercle des philanthropes \u00e9mergents s\u2019adresse aux jeunes professionnel\u00b7le\u00b7s de tout horizon qui d\u00e9sirent faire une diff\u00e9rence dans leur communaut\u00e9. Il est compos\u00e9 d'individus qui contribuent en faisant un don de 500 $ et plus \u00e0 la campagne annuelle. Ils incarnent la solidarit\u00e9 et la g\u00e9n\u00e9rosit\u00e9 qui animent notre communaut\u00e9 en devenant ainsi des ambassadeur\u00b7drice\u00b7s de notre organisation.<\/h4>\t\t\t\t<\/div>\n\t\t\t\t<\/div>\n\t\t\t\t<div class=\"elementor-element elementor-element-d0043b5 elementor-widget elementor-widget-text-editor\" data-id=\"d0043b5\" data-element_type=\"widget\" data-e-type=\"widget\" data-widget_type=\"text-editor.default\">\n\t\t\t\t<div class=\"elementor-widget-container\">\n\t\t\t\t\t\t\t\t\t<p><i>\u00ab\u00a0En tant que jeunes professionnels, nous avons la chance de b\u00e2tir notre avenir avec une infinit\u00e9 de possibilit\u00e9s. C&rsquo;est pourquoi il est essentiel de redonner \u00e0 ceux qui n&rsquo;ont pas eu les m\u00eames opportunit\u00e9s que nous. En soutenant Centraide, vous savez que votre contribution fait une r\u00e9elle diff\u00e9rence, en allant<\/i> <i>directement l\u00e0 o\u00f9 les besoins sont les plus grands dans notre communaut\u00e9. Ensemble, nous pouvons avoir un impact significatif et montrer que notre g\u00e9n\u00e9ration est engag\u00e9e \u00e0 faire le bien. Soyons les leaders qui font une diff\u00e9rence.\u00a0\u00bb<\/i><\/p>\n<p><i>&#8211; Miguel Ouellette, \u00e9conomiste et directeur en services-conseils chez Mallette<\/i><\/p>\t\t\t\t\t\t\t\t<\/div>\n\t\t\t\t<\/div>\n\t\t\t\t<div class=\"elementor-element elementor-element-5a0333d elementor-align-justify elementor-widget elementor-widget-button\" data-id=\"5a0333d\" data-element_type=\"widget\" data-e-type=\"widget\" data-widget_type=\"button.default\">\n\t\t\t\t<div class=\"elementor-widget-container\">\n\t\t\t\t\t\t\t\t\t<div class=\"elementor-button-wrapper\">\n\t\t\t\t\t<a class=\"elementor-button elementor-button-link elementor-size-sm\" href=\"https:\/\/donnez.centraide.ca\/donnez\/WTROIS\" target=\"_blank\">\n\t\t\t\t\t\t<span class=\"elementor-button-content-wrapper\">\n\t\t\t\t\t\t\t\t\t<span class=\"elementor-button-text\">Faire un don de 500 $ ou plus<\/span>\n\t\t\t\t\t<\/span>\n\t\t\t\t\t<\/a>\n\t\t\t\t<\/div>\n\t\t\t\t\t\t\t\t<\/div>\n\t\t\t\t<\/div>\n\t\t\t\t\t<\/div>\n\t\t<\/div>\n\t\t\t\t<div class=\"elementor-column elementor-col-50 elementor-inner-column elementor-element elementor-element-095368e elementor-invisible\" data-id=\"095368e\" data-element_type=\"column\" data-e-type=\"column\" data-settings=\"{&quot;animation&quot;:&quot;fadeInRight&quot;}\">\n\t\t\t<div class=\"elementor-widget-wrap elementor-element-populated\">\n\t\t\t\t\t\t<div class=\"elementor-element elementor-element-9c29422 elementor-widget elementor-widget-image\" data-id=\"9c29422\" data-element_type=\"widget\" data-e-type=\"widget\" data-widget_type=\"image.default\">\n\t\t\t\t<div class=\"elementor-widget-container\">\n\t\t\t\t\t\t\t\t\t\t\t\t\t\t\t<img decoding=\"async\" src=\"https:\/\/centraide-rcoq.ca\/mauricie\/wp-content\/uploads\/sites\/11\/elementor\/thumbs\/3-quyvbl9drgjy3zv8jjukwit2nw89m9amubl3pnlx5g.png\" title=\"3\" alt=\"3\" loading=\"lazy\" \/>\t\t\t\t\t\t\t\t\t\t\t\t\t\t\t<\/div>\n\t\t\t\t<\/div>\n\t\t\t\t\t<\/div>\n\t\t<\/div>\n\t\t\t\t\t<\/div>\n\t\t<\/section>\n\t\t\t\t\t<\/div>\n\t\t<\/div>\n\t\t\t\t\t<\/div>\n\t\t<\/section>\n\t\t\t\t<\/div>\n\t\t","protected":false},"excerpt":{"rendered":"<p>Le Cercle des philanthropes \u00e9mergents Le Cercle des philanthropes \u00e9mergents s\u2019adresse aux jeunes professionnel\u00b7le\u00b7s de tout horizon qui d\u00e9sirent faire une diff\u00e9rence dans leur communaut\u00e9. Il est compos\u00e9 d&rsquo;individus qui contribuent en faisant un don de 500 $ et plus \u00e0 la campagne annuelle. Ils incarnent la solidarit\u00e9 et la g\u00e9n\u00e9rosit\u00e9 qui animent notre communaut\u00e9 [&hellip;]<\/p>\n","protected":false},"author":13,"featured_media":0,"parent":0,"menu_order":0,"comment_status":"closed","ping_status":"closed","template":"elementor_header_footer","meta":{"ocean_post_layout":"","ocean_both_sidebars_style":"","ocean_both_sidebars_content_width":0,"ocean_both_sidebars_sidebars_width":0,"ocean_sidebar":"0","ocean_second_sidebar":"0","ocean_disable_margins":"enable","ocean_add_body_class":"","ocean_shortcode_before_top_bar":"","ocean_shortcode_after_top_bar":"","ocean_shortcode_before_header":"","ocean_shortcode_after_header":"","ocean_has_shortcode":"","ocean_shortcode_after_title":"","ocean_shortcode_before_footer_widgets":"","ocean_shortcode_after_footer_widgets":"","ocean_shortcode_before_footer_bottom":"","ocean_shortcode_after_footer_bottom":"","ocean_display_top_bar":"default","ocean_display_header":"default","ocean_header_style":"","ocean_center_header_left_menu":"0","ocean_custom_header_template":"0","ocean_custom_logo":0,"ocean_custom_retina_logo":0,"ocean_custom_logo_max_width":0,"ocean_custom_logo_tablet_max_width":0,"ocean_custom_logo_mobile_max_width":0,"ocean_custom_logo_max_height":0,"ocean_custom_logo_tablet_max_height":0,"ocean_custom_logo_mobile_max_height":0,"ocean_header_custom_menu":"0","ocean_menu_typo_font_family":"0","ocean_menu_typo_font_subset":"","ocean_menu_typo_font_size":0,"ocean_menu_typo_font_size_tablet":0,"ocean_menu_typo_font_size_mobile":0,"ocean_menu_typo_font_size_unit":"px","ocean_menu_typo_font_weight":"","ocean_menu_typo_font_weight_tablet":"","ocean_menu_typo_font_weight_mobile":"","ocean_menu_typo_transform":"","ocean_menu_typo_transform_tablet":"","ocean_menu_typo_transform_mobile":"","ocean_menu_typo_line_height":0,"ocean_menu_typo_line_height_tablet":0,"ocean_menu_typo_line_height_mobile":0,"ocean_menu_typo_line_height_unit":"","ocean_menu_typo_spacing":0,"ocean_menu_typo_spacing_tablet":0,"ocean_menu_typo_spacing_mobile":0,"ocean_menu_typo_spacing_unit":"","ocean_menu_link_color":"","ocean_menu_link_color_hover":"","ocean_menu_link_color_active":"","ocean_menu_link_background":"","ocean_menu_link_hover_background":"","ocean_menu_link_active_background":"","ocean_menu_social_links_bg":"","ocean_menu_social_hover_links_bg":"","ocean_menu_social_links_color":"","ocean_menu_social_hover_links_color":"","ocean_disable_title":"default","ocean_disable_heading":"default","ocean_post_title":"","ocean_post_subheading":"","ocean_post_title_style":"","ocean_post_title_background_color":"","ocean_post_title_background":0,"ocean_post_title_bg_image_position":"","ocean_post_title_bg_image_attachment":"","ocean_post_title_bg_image_repeat":"","ocean_post_title_bg_image_size":"","ocean_post_title_height":0,"ocean_post_title_bg_overlay":0.5,"ocean_post_title_bg_overlay_color":"","ocean_disable_breadcrumbs":"default","ocean_breadcrumbs_color":"","ocean_breadcrumbs_separator_color":"","ocean_breadcrumbs_links_color":"","ocean_breadcrumbs_links_hover_color":"","ocean_display_footer_widgets":"default","ocean_display_footer_bottom":"default","ocean_custom_footer_template":"0","footnotes":""},"class_list":["post-2500","page","type-page","status-publish","hentry","entry"],"_links":{"self":[{"href":"https:\/\/centraide-rcoq.ca\/mauricie\/wp-json\/wp\/v2\/pages\/2500","targetHints":{"allow":["GET"]}}],"collection":[{"href":"https:\/\/centraide-rcoq.ca\/mauricie\/wp-json\/wp\/v2\/pages"}],"about":[{"href":"https:\/\/centraide-rcoq.ca\/mauricie\/wp-json\/wp\/v2\/types\/page"}],"author":[{"embeddable":true,"href":"https:\/\/centraide-rcoq.ca\/mauricie\/wp-json\/wp\/v2\/users\/13"}],"replies":[{"embeddable":true,"href":"https:\/\/centraide-rcoq.ca\/mauricie\/wp-json\/wp\/v2\/comments?post=2500"}],"version-history":[{"count":40,"href":"https:\/\/centraide-rcoq.ca\/mauricie\/wp-json\/wp\/v2\/pages\/2500\/revisions"}],"predecessor-version":[{"id":2546,"href":"https:\/\/centraide-rcoq.ca\/mauricie\/wp-json\/wp\/v2\/pages\/2500\/revisions\/2546"}],"wp:attachment":[{"href":"https:\/\/centraide-rcoq.ca\/mauricie\/wp-json\/wp\/v2\/media?parent=2500"}],"curies":[{"name":"wp","href":"https:\/\/api.w.org\/{rel}","templated":true}]}}