{"id":204,"date":"2019-05-13T11:29:35","date_gmt":"2019-05-13T15:29:35","guid":{"rendered":"https:\/\/centraide.absoludev.ca\/lanaudierec\/?page_id=204"},"modified":"2025-07-28T10:01:54","modified_gmt":"2025-07-28T14:01:54","slug":"batir-des-milieux-de-vie-rassembleurs","status":"publish","type":"page","link":"https:\/\/centraide-rcoq.ca\/lanaudiere\/batir-des-milieux-de-vie-rassembleurs\/","title":{"rendered":"B\u00e2tir des milieux de vie rassembleurs"},"content":{"rendered":"\t\t<div data-elementor-type=\"wp-post\" data-elementor-id=\"204\" class=\"elementor elementor-204\" data-elementor-post-type=\"page\">\n\t\t\t\t\t\t<section class=\"elementor-section elementor-top-section elementor-element elementor-element-c62b646 elementor-section-content-middle elementor-section-boxed elementor-section-height-default elementor-section-height-default\" data-id=\"c62b646\" data-element_type=\"section\" data-e-type=\"section\" data-settings=\"{&quot;background_background&quot;:&quot;classic&quot;}\">\n\t\t\t\t\t\t<div class=\"elementor-container elementor-column-gap-default\">\n\t\t\t\t\t<div class=\"elementor-column elementor-col-100 elementor-top-column elementor-element elementor-element-08cbf61\" data-id=\"08cbf61\" data-element_type=\"column\" data-e-type=\"column\">\n\t\t\t<div class=\"elementor-widget-wrap elementor-element-populated\">\n\t\t\t\t\t\t<div class=\"elementor-element elementor-element-44db378 elementor-widget elementor-widget-heading\" data-id=\"44db378\" data-element_type=\"widget\" data-e-type=\"widget\" data-widget_type=\"heading.default\">\n\t\t\t\t<div class=\"elementor-widget-container\">\n\t\t\t\t\t<h1 class=\"elementor-heading-title elementor-size-default\">B\u00e2tir des milieux de vie rassembleurs<\/h1>\t\t\t\t<\/div>\n\t\t\t\t<\/div>\n\t\t\t\t<section class=\"elementor-section elementor-inner-section elementor-element elementor-element-f409164 elementor-section-content-middle elementor-section-boxed elementor-section-height-default elementor-section-height-default\" data-id=\"f409164\" data-element_type=\"section\" data-e-type=\"section\">\n\t\t\t\t\t\t<div class=\"elementor-container elementor-column-gap-wide\">\n\t\t\t\t\t<div class=\"elementor-column elementor-col-50 elementor-inner-column elementor-element elementor-element-fdddc72\" data-id=\"fdddc72\" data-element_type=\"column\" data-e-type=\"column\">\n\t\t\t<div class=\"elementor-widget-wrap elementor-element-populated\">\n\t\t\t\t\t\t<div class=\"elementor-element elementor-element-7a792f4 elementor-widget elementor-widget-heading\" data-id=\"7a792f4\" data-element_type=\"widget\" data-e-type=\"widget\" data-widget_type=\"heading.default\">\n\t\t\t\t<div class=\"elementor-widget-container\">\n\t\t\t\t\t<h3 class=\"elementor-heading-title elementor-size-default\">B\u00e2tir des milieux de vie rassembleurs, c\u2019est favoriser la mise en place d\u2019approches structur\u00e9es en faveur du d\u00e9veloppement de leur communaut\u00e9.<\/h3>\t\t\t\t<\/div>\n\t\t\t\t<\/div>\n\t\t\t\t<div class=\"elementor-element elementor-element-306f831 elementor-widget elementor-widget-text-editor\" data-id=\"306f831\" data-element_type=\"widget\" data-e-type=\"widget\" data-widget_type=\"text-editor.default\">\n\t\t\t\t<div class=\"elementor-widget-container\">\n\t\t\t\t\t\t\t\t\t<p>La participation active au mouvement communautaire est un levier important dans le d\u00e9veloppement de nos communaut\u00e9s et le bien-\u00eatre de celles-ci. De nombreuses personnes r\u00e9alisent qu\u2019autour d\u2019elles, d\u2019autres souffrent des cons\u00e9quences de la pauvret\u00e9 et de l\u2019isolement. Elles alors souhaitent mettre la main \u00e0 la p\u00e2te pour faire une diff\u00e9rence.<\/p>\t\t\t\t\t\t\t\t<\/div>\n\t\t\t\t<\/div>\n\t\t\t\t\t<\/div>\n\t\t<\/div>\n\t\t\t\t<div class=\"elementor-column elementor-col-50 elementor-inner-column elementor-element elementor-element-6027c8d elementor-invisible\" data-id=\"6027c8d\" data-element_type=\"column\" data-e-type=\"column\" data-settings=\"{&quot;animation&quot;:&quot;fadeInRight&quot;}\">\n\t\t\t<div class=\"elementor-widget-wrap elementor-element-populated\">\n\t\t\t\t\t\t<div class=\"elementor-element elementor-element-318609a elementor-widget elementor-widget-image\" data-id=\"318609a\" data-element_type=\"widget\" data-e-type=\"widget\" data-widget_type=\"image.default\">\n\t\t\t\t<div class=\"elementor-widget-container\">\n\t\t\t\t\t\t\t\t\t\t\t\t\t\t\t<img fetchpriority=\"high\" decoding=\"async\" width=\"1024\" height=\"682\" src=\"https:\/\/centraide-rcoq.ca\/lanaudiere\/wp-content\/uploads\/sites\/10\/2019\/05\/benevole3-1-1024x682.jpg\" class=\"attachment-large size-large wp-image-240\" alt=\"\" srcset=\"https:\/\/centraide-rcoq.ca\/lanaudiere\/wp-content\/uploads\/sites\/10\/2019\/05\/benevole3-1.jpg 1024w, https:\/\/centraide-rcoq.ca\/lanaudiere\/wp-content\/uploads\/sites\/10\/2019\/05\/benevole3-1-300x200.jpg 300w, https:\/\/centraide-rcoq.ca\/lanaudiere\/wp-content\/uploads\/sites\/10\/2019\/05\/benevole3-1-768x512.jpg 768w\" sizes=\"(max-width: 1024px) 100vw, 1024px\" \/>\t\t\t\t\t\t\t\t\t\t\t\t\t\t\t<\/div>\n\t\t\t\t<\/div>\n\t\t\t\t\t<\/div>\n\t\t<\/div>\n\t\t\t\t\t<\/div>\n\t\t<\/section>\n\t\t\t\t\t<\/div>\n\t\t<\/div>\n\t\t\t\t\t<\/div>\n\t\t<\/section>\n\t\t\t\t<section class=\"elementor-section elementor-top-section elementor-element elementor-element-6ac5ec8 elementor-section-content-middle elementor-reverse-tablet elementor-reverse-mobile elementor-section-boxed elementor-section-height-default elementor-section-height-default\" data-id=\"6ac5ec8\" data-element_type=\"section\" data-e-type=\"section\">\n\t\t\t\t\t\t<div class=\"elementor-container elementor-column-gap-wide\">\n\t\t\t\t\t<div class=\"elementor-column elementor-col-50 elementor-top-column elementor-element elementor-element-a74799d elementor-invisible\" data-id=\"a74799d\" data-element_type=\"column\" data-e-type=\"column\" data-settings=\"{&quot;animation&quot;:&quot;fadeInLeft&quot;}\">\n\t\t\t<div class=\"elementor-widget-wrap elementor-element-populated\">\n\t\t\t\t\t\t<div class=\"elementor-element elementor-element-5e1911a elementor-widget elementor-widget-image\" data-id=\"5e1911a\" data-element_type=\"widget\" data-e-type=\"widget\" data-widget_type=\"image.default\">\n\t\t\t\t<div class=\"elementor-widget-container\">\n\t\t\t\t\t\t\t\t\t\t\t\t\t\t\t<img decoding=\"async\" width=\"1024\" height=\"683\" src=\"https:\/\/centraide-rcoq.ca\/lanaudiere\/wp-content\/uploads\/sites\/10\/2022\/09\/hannah-busing-Zyx1bK9mqmA-unsplash-1024x683.jpg\" class=\"attachment-large size-large wp-image-1620\" alt=\"\" srcset=\"https:\/\/centraide-rcoq.ca\/lanaudiere\/wp-content\/uploads\/sites\/10\/2022\/09\/hannah-busing-Zyx1bK9mqmA-unsplash-1024x683.jpg 1024w, https:\/\/centraide-rcoq.ca\/lanaudiere\/wp-content\/uploads\/sites\/10\/2022\/09\/hannah-busing-Zyx1bK9mqmA-unsplash-300x200.jpg 300w, https:\/\/centraide-rcoq.ca\/lanaudiere\/wp-content\/uploads\/sites\/10\/2022\/09\/hannah-busing-Zyx1bK9mqmA-unsplash-768x512.jpg 768w, https:\/\/centraide-rcoq.ca\/lanaudiere\/wp-content\/uploads\/sites\/10\/2022\/09\/hannah-busing-Zyx1bK9mqmA-unsplash-1536x1024.jpg 1536w, https:\/\/centraide-rcoq.ca\/lanaudiere\/wp-content\/uploads\/sites\/10\/2022\/09\/hannah-busing-Zyx1bK9mqmA-unsplash-2048x1365.jpg 2048w\" sizes=\"(max-width: 1024px) 100vw, 1024px\" \/>\t\t\t\t\t\t\t\t\t\t\t\t\t\t\t<\/div>\n\t\t\t\t<\/div>\n\t\t\t\t\t<\/div>\n\t\t<\/div>\n\t\t\t\t<div class=\"elementor-column elementor-col-50 elementor-top-column elementor-element elementor-element-c700301\" data-id=\"c700301\" data-element_type=\"column\" data-e-type=\"column\">\n\t\t\t<div class=\"elementor-widget-wrap elementor-element-populated\">\n\t\t\t\t\t\t<div class=\"elementor-element elementor-element-ac2d1b1 elementor-widget elementor-widget-text-editor\" data-id=\"ac2d1b1\" data-element_type=\"widget\" data-e-type=\"widget\" data-widget_type=\"text-editor.default\">\n\t\t\t\t<div class=\"elementor-widget-container\">\n\t\t\t\t\t\t\t\t\t<p style=\"text-align: left\">Le <span style=\"color: #da322a\">d\u00e9fi<\/span><\/p>\t\t\t\t\t\t\t\t<\/div>\n\t\t\t\t<\/div>\n\t\t\t\t<div class=\"elementor-element elementor-element-610d820 elementor-widget elementor-widget-text-editor\" data-id=\"610d820\" data-element_type=\"widget\" data-e-type=\"widget\" data-widget_type=\"text-editor.default\">\n\t\t\t\t<div class=\"elementor-widget-container\">\n\t\t\t\t\t\t\t\t\t<p>Les organismes communautaires jouent un r\u00f4le de premier plan dans la lutte contre la pauvret\u00e9 et l\u2019exclusion. Ils transforment le parcours de vie de nos concitoyens les plus vuln\u00e9rables et b\u00e2tissent des communaut\u00e9s plus fortes, plus \u00e9quitables et plus inclusives. L\u2019environnement dans lequel ils \u00e9voluent est en constante transformation et se complexifie, faisant appel \u00e0 une multitude de nouvelles connaissances, comp\u00e9tences et habilet\u00e9s.<\/p>\t\t\t\t\t\t\t\t<\/div>\n\t\t\t\t<\/div>\n\t\t\t\t\t<\/div>\n\t\t<\/div>\n\t\t\t\t\t<\/div>\n\t\t<\/section>\n\t\t\t\t<section class=\"elementor-section elementor-top-section elementor-element elementor-element-6801b6c elementor-section-content-middle elementor-reverse-tablet elementor-reverse-mobile elementor-section-boxed elementor-section-height-default elementor-section-height-default\" data-id=\"6801b6c\" data-element_type=\"section\" data-e-type=\"section\" data-settings=\"{&quot;background_background&quot;:&quot;classic&quot;}\">\n\t\t\t\t\t\t<div class=\"elementor-container elementor-column-gap-wide\">\n\t\t\t\t\t<div class=\"elementor-column elementor-col-50 elementor-top-column elementor-element elementor-element-1ff89a0 elementor-invisible\" data-id=\"1ff89a0\" data-element_type=\"column\" data-e-type=\"column\" data-settings=\"{&quot;animation&quot;:&quot;fadeInLeft&quot;}\">\n\t\t\t<div class=\"elementor-widget-wrap elementor-element-populated\">\n\t\t\t\t\t\t<div class=\"elementor-element elementor-element-d0daf4d elementor-widget elementor-widget-text-editor\" data-id=\"d0daf4d\" data-element_type=\"widget\" data-e-type=\"widget\" data-widget_type=\"text-editor.default\">\n\t\t\t\t<div class=\"elementor-widget-container\">\n\t\t\t\t\t\t\t\t\t<p style=\"text-align: left\">La <span style=\"color: #da322a\">strat\u00e9gie<\/span><\/p>\t\t\t\t\t\t\t\t<\/div>\n\t\t\t\t<\/div>\n\t\t\t\t<div class=\"elementor-element elementor-element-1abb6a1 elementor-widget elementor-widget-text-editor\" data-id=\"1abb6a1\" data-element_type=\"widget\" data-e-type=\"widget\" data-widget_type=\"text-editor.default\">\n\t\t\t\t<div class=\"elementor-widget-container\">\n\t\t\t\t\t\t\t\t\t<p>Pour b\u00e2tir des milieux de vie rassembleurs, nous investissons dans des programmes et organismes communautaires locaux qui m\u00e8nent \u00e0 des communaut\u00e9s plus fortes et rassembleuses. Nous souhaitons ainsi renforcer la capacit\u00e9 des organismes \u00e0 accomplir leur mission et mobiliser nos communaut\u00e9s pour r\u00e9aliser des actions collectives qui auront de l\u2019impact.<\/p><p>Les actions pr\u00e9conis\u00e9es :<\/p><p><span style=\"font-family: 'Avenir LT Std', sans-serif;font-size: 16px;font-style: normal;font-weight: 600;letter-spacing: 0.2px\">&#8211; Dynamiser la vie communautaire<\/span><br style=\"letter-spacing: 0.2px\" \/><span style=\"font-family: 'Avenir LT Std', sans-serif;font-size: 16px;font-style: normal;font-weight: 600;letter-spacing: 0.2px\">&#8211; Encourager l&rsquo;action b\u00e9n\u00e9vole<\/span><br style=\"letter-spacing: 0.2px\" \/><span style=\"font-family: 'Avenir LT Std', sans-serif;font-size: 16px;font-style: normal;font-weight: 600;letter-spacing: 0.2px\">&#8211; Renforcer les comp\u00e9tences et le leadership des organismes communautaires<\/span><\/p>\t\t\t\t\t\t\t\t<\/div>\n\t\t\t\t<\/div>\n\t\t\t\t\t<\/div>\n\t\t<\/div>\n\t\t\t\t<div class=\"elementor-column elementor-col-50 elementor-top-column elementor-element elementor-element-c56c154\" data-id=\"c56c154\" data-element_type=\"column\" data-e-type=\"column\">\n\t\t\t<div class=\"elementor-widget-wrap elementor-element-populated\">\n\t\t\t\t\t\t<div class=\"elementor-element elementor-element-7aaaf41 elementor-widget elementor-widget-image\" data-id=\"7aaaf41\" data-element_type=\"widget\" data-e-type=\"widget\" data-widget_type=\"image.default\">\n\t\t\t\t<div class=\"elementor-widget-container\">\n\t\t\t\t\t\t\t\t\t\t\t\t\t\t\t<img decoding=\"async\" width=\"1024\" height=\"682\" src=\"https:\/\/centraide-rcoq.ca\/lanaudiere\/wp-content\/uploads\/sites\/10\/2019\/05\/benevole2-1024x682.jpg\" class=\"attachment-large size-large wp-image-241\" alt=\"\" srcset=\"https:\/\/centraide-rcoq.ca\/lanaudiere\/wp-content\/uploads\/sites\/10\/2019\/05\/benevole2.jpg 1024w, https:\/\/centraide-rcoq.ca\/lanaudiere\/wp-content\/uploads\/sites\/10\/2019\/05\/benevole2-300x200.jpg 300w, https:\/\/centraide-rcoq.ca\/lanaudiere\/wp-content\/uploads\/sites\/10\/2019\/05\/benevole2-768x512.jpg 768w\" sizes=\"(max-width: 1024px) 100vw, 1024px\" \/>\t\t\t\t\t\t\t\t\t\t\t\t\t\t\t<\/div>\n\t\t\t\t<\/div>\n\t\t\t\t\t<\/div>\n\t\t<\/div>\n\t\t\t\t\t<\/div>\n\t\t<\/section>\n\t\t\t\t<section class=\"elementor-section elementor-top-section elementor-element elementor-element-e4796e9 elementor-section-boxed elementor-section-height-default elementor-section-height-default\" data-id=\"e4796e9\" data-element_type=\"section\" data-e-type=\"section\" data-settings=\"{&quot;background_background&quot;:&quot;classic&quot;}\">\n\t\t\t\t\t\t<div class=\"elementor-container elementor-column-gap-default\">\n\t\t\t\t\t<div class=\"elementor-column elementor-col-100 elementor-top-column elementor-element elementor-element-7077899\" data-id=\"7077899\" data-element_type=\"column\" data-e-type=\"column\">\n\t\t\t<div class=\"elementor-widget-wrap elementor-element-populated\">\n\t\t\t\t\t\t<div class=\"elementor-element elementor-element-12eded5 elementor-widget elementor-widget-text-editor\" data-id=\"12eded5\" data-element_type=\"widget\" data-e-type=\"widget\" data-widget_type=\"text-editor.default\">\n\t\t\t\t<div class=\"elementor-widget-container\">\n\t\t\t\t\t\t\t\t\t<p style=\"text-align: center\">L&rsquo;<span style=\"color: #da322a\">impact<\/span><\/p>\t\t\t\t\t\t\t\t<\/div>\n\t\t\t\t<\/div>\n\t\t\t\t<div class=\"elementor-element elementor-element-15b56c9 elementor-widget elementor-widget-text-editor\" data-id=\"15b56c9\" data-element_type=\"widget\" data-e-type=\"widget\" data-widget_type=\"text-editor.default\">\n\t\t\t\t<div class=\"elementor-widget-container\">\n\t\t\t\t\t\t\t\t\t<p>Gr\u00e2ce \u00e0 vos dons, nous unissons les citoyens et les ressources d\u2019un m\u00eame milieu. Nous cr\u00e9ons de puissants r\u00e9seaux d\u2019entraide o\u00f9 tous exp\u00e9rimentent la force du groupe pour r\u00e9pondre \u00e0 leurs besoins et leurs r\u00e9alit\u00e9s et pour fa\u00e7onner nos communaut\u00e9s au diapason des gens qui y \u00e9voluent.<\/p>\t\t\t\t\t\t\t\t<\/div>\n\t\t\t\t<\/div>\n\t\t\t\t<div class=\"elementor-element elementor-element-8ade112 elementor-widget elementor-widget-eael-image-accordion\" data-id=\"8ade112\" data-element_type=\"widget\" data-e-type=\"widget\" data-widget_type=\"eael-image-accordion.default\">\n\t\t\t\t<div class=\"elementor-widget-container\">\n\t\t\t\t\t    <div class=\"eael-img-accordion accordion-direction-horizontal eael-img-accordion-horizontal-align-center eael-img-accordion-vertical-align-center\" id=\"eael-img-accordion-8ade112\" data-img-accordion-id=\"8ade112\" data-img-accordion-type=\"on-hover\">\n                    \n            <div class=\"eael-image-accordion-hover eael-image-accordion-item\" style=\"background-image: url(https:\/\/centraide-rcoq.ca\/atnq\/wp-content\/uploads\/sites\/2\/2021\/09\/Michele-Copie_edited.jpg);\"  tabindex=\"0\">\n                <div class=\"overlay\">\n                                        <div class=\"overlay-inner \">\n                        <a href=\"https:\/\/centraide-rcoq.ca\/wp-content\/uploads\/2022\/08\/Temoignage_Michele.pdf\" target=\"_blank\"><h2 class=\"img-accordion-title\">Michele<\/h2><\/a>                            <p><p>\u00ab Le b\u00e9n\u00e9volat ne m\u2019a apport\u00e9 que du bien. J\u2019ai acquis de nombreuses comp\u00e9tences, \u00e7a me permet de faire du r\u00e9seautage et de garder mon cerveau actif. Je le recommande!\u00bb<\/p><\/p>\n                                            <\/div>\n                <\/div>\n            <\/div>\n                    \n            <div class=\"eael-image-accordion-hover eael-image-accordion-item\" style=\"background-image: url(https:\/\/centraide-rcoq.ca\/atnq\/wp-content\/uploads\/sites\/2\/2021\/09\/Rudy_1_LR.jpg);\"  tabindex=\"0\">\n                <div class=\"overlay\">\n                                        <div class=\"overlay-inner \">\n                        <a href=\"https:\/\/centraide-rcoq.ca\/wp-content\/uploads\/2022\/08\/Temoignage_Rudy.pdf\" target=\"_blank\"><h2 class=\"img-accordion-title\">Rudy<\/h2><\/a>                            <p><p>\u00ab\u00a0Le don \u00e0 Centraide nous permet \u00e0 Audrey, aux enfants et \u00e0 moi de participer \u00e0 quelque chose de plus grand et de faire partie de la solution. \u00bb<\/p><\/p>\n                                            <\/div>\n                <\/div>\n            <\/div>\n                <\/div>\n        <style typr=\"text\/css\">\n                    #eael-img-accordion-8ade112 .eael-image-accordion-hover:hover {\n                        flex: 3 1 0% !important;\n                    }\n                    #eael-img-accordion-8ade112 .eael-image-accordion-hover:hover:hover .overlay-inner * {\n                        opacity: 1;\n                        visibility: visible;\n                        transform: none;\n                        transition: all .3s .3s;\n                    }\n                <\/style>\t\t\t\t<\/div>\n\t\t\t\t<\/div>\n\t\t\t\t<div class=\"elementor-element elementor-element-356853b elementor-widget elementor-widget-spacer\" data-id=\"356853b\" data-element_type=\"widget\" data-e-type=\"widget\" data-widget_type=\"spacer.default\">\n\t\t\t\t<div class=\"elementor-widget-container\">\n\t\t\t\t\t\t\t<div class=\"elementor-spacer\">\n\t\t\t<div class=\"elementor-spacer-inner\"><\/div>\n\t\t<\/div>\n\t\t\t\t\t\t<\/div>\n\t\t\t\t<\/div>\n\t\t\t\t<div class=\"elementor-element elementor-element-ddf7f13 elementor-align-center elementor-widget elementor-widget-button\" data-id=\"ddf7f13\" data-element_type=\"widget\" data-e-type=\"widget\" data-widget_type=\"button.default\">\n\t\t\t\t<div class=\"elementor-widget-container\">\n\t\t\t\t\t\t\t\t\t<div class=\"elementor-button-wrapper\">\n\t\t\t\t\t<a class=\"elementor-button elementor-button-link elementor-size-lg elementor-animation-grow\" href=\"https:\/\/donnez.centraide.ca\/donnez\/WJOLIE\">\n\t\t\t\t\t\t<span class=\"elementor-button-content-wrapper\">\n\t\t\t\t\t\t\t\t\t<span class=\"elementor-button-text\">Faire un don<\/span>\n\t\t\t\t\t<\/span>\n\t\t\t\t\t<\/a>\n\t\t\t\t<\/div>\n\t\t\t\t\t\t\t\t<\/div>\n\t\t\t\t<\/div>\n\t\t\t\t\t<\/div>\n\t\t<\/div>\n\t\t\t\t\t<\/div>\n\t\t<\/section>\n\t\t\t\t<section class=\"elementor-section elementor-top-section elementor-element elementor-element-4aad9b54 elementor-section-content-middle elementor-section-boxed elementor-section-height-default elementor-section-height-default\" data-id=\"4aad9b54\" data-element_type=\"section\" data-e-type=\"section\">\n\t\t\t\t\t\t<div class=\"elementor-container elementor-column-gap-wide\">\n\t\t\t\t\t<div class=\"elementor-column elementor-col-50 elementor-top-column elementor-element elementor-element-7d4bf817 elementor-invisible\" data-id=\"7d4bf817\" data-element_type=\"column\" data-e-type=\"column\" data-settings=\"{&quot;animation&quot;:&quot;fadeInLeft&quot;}\">\n\t\t\t<div class=\"elementor-widget-wrap\">\n\t\t\t\t\t\t\t<\/div>\n\t\t<\/div>\n\t\t\t\t<div class=\"elementor-column elementor-col-50 elementor-top-column elementor-element elementor-element-1c3e6748\" data-id=\"1c3e6748\" data-element_type=\"column\" data-e-type=\"column\">\n\t\t\t<div class=\"elementor-widget-wrap elementor-element-populated\">\n\t\t\t\t\t\t<div class=\"elementor-element elementor-element-20b505fc elementor-invisible elementor-widget elementor-widget-heading\" data-id=\"20b505fc\" data-element_type=\"widget\" data-e-type=\"widget\" data-settings=\"{&quot;_animation&quot;:&quot;fadeIn&quot;}\" data-widget_type=\"heading.default\">\n\t\t\t\t<div class=\"elementor-widget-container\">\n\t\t\t\t\t<h3 class=\"elementor-heading-title elementor-size-default\"><a href=\"https:\/\/centraide-rcoq.ca\/lanaudiere\/repertoire-des-organismes-de-centraide-lanaudiere\/\" target=\"_blank\">R\u00e9pertoire <br>des organismes<\/a><\/h3>\t\t\t\t<\/div>\n\t\t\t\t<\/div>\n\t\t\t\t<div class=\"elementor-element elementor-element-1ee33c16 elementor-mobile-align-center elementor-invisible elementor-widget elementor-widget-button\" data-id=\"1ee33c16\" data-element_type=\"widget\" data-e-type=\"widget\" data-settings=\"{&quot;_animation&quot;:&quot;fadeIn&quot;,&quot;_animation_delay&quot;:&quot;600&quot;}\" data-widget_type=\"button.default\">\n\t\t\t\t<div class=\"elementor-widget-container\">\n\t\t\t\t\t\t\t\t\t<div class=\"elementor-button-wrapper\">\n\t\t\t\t\t<a class=\"elementor-button elementor-button-link elementor-size-sm elementor-animation-float\" href=\"https:\/\/centraide-rcoq.ca\/lanaudiere\/repertoire-des-organismes-de-centraide-lanaudiere\/\">\n\t\t\t\t\t\t<span class=\"elementor-button-content-wrapper\">\n\t\t\t\t\t\t\t\t\t<span class=\"elementor-button-text\">Consulter<\/span>\n\t\t\t\t\t<\/span>\n\t\t\t\t\t<\/a>\n\t\t\t\t<\/div>\n\t\t\t\t\t\t\t\t<\/div>\n\t\t\t\t<\/div>\n\t\t\t\t<div class=\"elementor-element elementor-element-567c1f9a elementor-absolute elementor-hidden-phone elementor-widget elementor-widget-text-editor\" data-id=\"567c1f9a\" data-element_type=\"widget\" data-e-type=\"widget\" data-settings=\"{&quot;_position&quot;:&quot;absolute&quot;}\" data-widget_type=\"text-editor.default\">\n\t\t\t\t<div class=\"elementor-widget-container\">\n\t\t\t\t\t\t\t\t\t<p>\u00c0 go, on<\/p><p>Centraide<\/p>\t\t\t\t\t\t\t\t<\/div>\n\t\t\t\t<\/div>\n\t\t\t\t\t<\/div>\n\t\t<\/div>\n\t\t\t\t\t<\/div>\n\t\t<\/section>\n\t\t\t\t<\/div>\n\t\t","protected":false},"excerpt":{"rendered":"<p>B\u00e2tir des milieux de vie rassembleurs B\u00e2tir des milieux de vie rassembleurs, c\u2019est favoriser la mise en place d\u2019approches structur\u00e9es en faveur du d\u00e9veloppement de leur communaut\u00e9. La participation active au mouvement communautaire est un levier important dans le d\u00e9veloppement de nos communaut\u00e9s et le bien-\u00eatre de celles-ci. De nombreuses personnes r\u00e9alisent qu\u2019autour d\u2019elles, d\u2019autres [&hellip;]<\/p>\n","protected":false},"author":1,"featured_media":0,"parent":0,"menu_order":0,"comment_status":"closed","ping_status":"closed","template":"elementor_header_footer","meta":{"ocean_post_layout":"","ocean_both_sidebars_style":"","ocean_both_sidebars_content_width":0,"ocean_both_sidebars_sidebars_width":0,"ocean_sidebar":"0","ocean_second_sidebar":"0","ocean_disable_margins":"enable","ocean_add_body_class":"","ocean_shortcode_before_top_bar":"","ocean_shortcode_after_top_bar":"","ocean_shortcode_before_header":"","ocean_shortcode_after_header":"","ocean_has_shortcode":"","ocean_shortcode_after_title":"","ocean_shortcode_before_footer_widgets":"","ocean_shortcode_after_footer_widgets":"","ocean_shortcode_before_footer_bottom":"","ocean_shortcode_after_footer_bottom":"","ocean_display_top_bar":"default","ocean_display_header":"default","ocean_header_style":"","ocean_center_header_left_menu":"0","ocean_custom_header_template":"0","ocean_custom_logo":0,"ocean_custom_retina_logo":0,"ocean_custom_logo_max_width":0,"ocean_custom_logo_tablet_max_width":0,"ocean_custom_logo_mobile_max_width":0,"ocean_custom_logo_max_height":0,"ocean_custom_logo_tablet_max_height":0,"ocean_custom_logo_mobile_max_height":0,"ocean_header_custom_menu":"0","ocean_menu_typo_font_family":"0","ocean_menu_typo_font_subset":"","ocean_menu_typo_font_size":0,"ocean_menu_typo_font_size_tablet":0,"ocean_menu_typo_font_size_mobile":0,"ocean_menu_typo_font_size_unit":"px","ocean_menu_typo_font_weight":"","ocean_menu_typo_font_weight_tablet":"","ocean_menu_typo_font_weight_mobile":"","ocean_menu_typo_transform":"","ocean_menu_typo_transform_tablet":"","ocean_menu_typo_transform_mobile":"","ocean_menu_typo_line_height":0,"ocean_menu_typo_line_height_tablet":0,"ocean_menu_typo_line_height_mobile":0,"ocean_menu_typo_line_height_unit":"","ocean_menu_typo_spacing":0,"ocean_menu_typo_spacing_tablet":0,"ocean_menu_typo_spacing_mobile":0,"ocean_menu_typo_spacing_unit":"","ocean_menu_link_color":"","ocean_menu_link_color_hover":"","ocean_menu_link_color_active":"","ocean_menu_link_background":"","ocean_menu_link_hover_background":"","ocean_menu_link_active_background":"","ocean_menu_social_links_bg":"","ocean_menu_social_hover_links_bg":"","ocean_menu_social_links_color":"","ocean_menu_social_hover_links_color":"","ocean_disable_title":"default","ocean_disable_heading":"default","ocean_post_title":"","ocean_post_subheading":"","ocean_post_title_style":"","ocean_post_title_background_color":"","ocean_post_title_background":0,"ocean_post_title_bg_image_position":"","ocean_post_title_bg_image_attachment":"","ocean_post_title_bg_image_repeat":"","ocean_post_title_bg_image_size":"","ocean_post_title_height":0,"ocean_post_title_bg_overlay":0.5,"ocean_post_title_bg_overlay_color":"","ocean_disable_breadcrumbs":"default","ocean_breadcrumbs_color":"","ocean_breadcrumbs_separator_color":"","ocean_breadcrumbs_links_color":"","ocean_breadcrumbs_links_hover_color":"","ocean_display_footer_widgets":"default","ocean_display_footer_bottom":"default","ocean_custom_footer_template":"0","footnotes":""},"class_list":["post-204","page","type-page","status-publish","hentry","entry"],"_links":{"self":[{"href":"https:\/\/centraide-rcoq.ca\/lanaudiere\/wp-json\/wp\/v2\/pages\/204","targetHints":{"allow":["GET"]}}],"collection":[{"href":"https:\/\/centraide-rcoq.ca\/lanaudiere\/wp-json\/wp\/v2\/pages"}],"about":[{"href":"https:\/\/centraide-rcoq.ca\/lanaudiere\/wp-json\/wp\/v2\/types\/page"}],"author":[{"embeddable":true,"href":"https:\/\/centraide-rcoq.ca\/lanaudiere\/wp-json\/wp\/v2\/users\/1"}],"replies":[{"embeddable":true,"href":"https:\/\/centraide-rcoq.ca\/lanaudiere\/wp-json\/wp\/v2\/comments?post=204"}],"version-history":[{"count":78,"href":"https:\/\/centraide-rcoq.ca\/lanaudiere\/wp-json\/wp\/v2\/pages\/204\/revisions"}],"predecessor-version":[{"id":2983,"href":"https:\/\/centraide-rcoq.ca\/lanaudiere\/wp-json\/wp\/v2\/pages\/204\/revisions\/2983"}],"wp:attachment":[{"href":"https:\/\/centraide-rcoq.ca\/lanaudiere\/wp-json\/wp\/v2\/media?parent=204"}],"curies":[{"name":"wp","href":"https:\/\/api.w.org\/{rel}","templated":true}]}}